{"id":181,"date":"2023-06-30T13:53:13","date_gmt":"2023-06-30T16:53:13","guid":{"rendered":"http:\/\/avilaharvest.com\/?page_id=181"},"modified":"2024-07-31T20:56:04","modified_gmt":"2024-07-31T23:56:04","slug":"contact","status":"publish","type":"page","link":"http:\/\/avilaharvest.com\/es\/contact\/","title":{"rendered":"Contacto"},"content":{"rendered":"<div data-elementor-type=\"wp-page\" data-elementor-id=\"181\" class=\"elementor elementor-181\" data-elementor-post-type=\"page\">\n\t\t\t\t<div class=\"elementor-element elementor-element-da07ed7 e-con-full e-flex e-con e-parent\" data-id=\"da07ed7\" data-element_type=\"container\" data-e-type=\"container\" data-settings=\"{&quot;background_background&quot;:&quot;gradient&quot;}\">\n\t\t<div class=\"elementor-element elementor-element-93806cf e-con-full e-flex e-con e-child\" data-id=\"93806cf\" data-element_type=\"container\" data-e-type=\"container\">\n\t\t\t\t<div class=\"elementor-element elementor-element-2c06b2c elementor-widget__width-initial elementor-widget elementor-widget-heading\" data-id=\"2c06b2c\" data-element_type=\"widget\" data-e-type=\"widget\" data-widget_type=\"heading.default\">\n\t\t\t\t<div class=\"elementor-widget-container\">\n\t\t\t\t\t<h2 class=\"elementor-heading-title elementor-size-default\">Cont\u00e1ctenos<\/h2>\t\t\t\t<\/div>\n\t\t\t\t<\/div>\n\t\t\t\t<div class=\"elementor-element elementor-element-247aab3 elementor-widget__width-initial elementor-widget elementor-widget-heading\" data-id=\"247aab3\" data-element_type=\"widget\" data-e-type=\"widget\" data-widget_type=\"heading.default\">\n\t\t\t\t<div class=\"elementor-widget-container\">\n\t\t\t\t\t<p class=\"elementor-heading-title elementor-size-default\">\u00bfEst\u00e1 listo para mejorar sus pr\u00e1cticas agr\u00edcolas? \u00a1Cont\u00e1ctenos hoy y crezcamos juntos!<\/p>\t\t\t\t<\/div>\n\t\t\t\t<\/div>\n\t\t<div class=\"elementor-element elementor-element-910f473 e-con-full e-flex e-con e-child\" data-id=\"910f473\" data-element_type=\"container\" data-e-type=\"container\">\n\t\t<div class=\"elementor-element elementor-element-e47c88a e-con-full e-flex e-con e-child\" data-id=\"e47c88a\" data-element_type=\"container\" data-e-type=\"container\">\n\t\t\t\t<div class=\"elementor-element elementor-element-153a44c elementor-widget elementor-widget-heading\" data-id=\"153a44c\" data-element_type=\"widget\" data-e-type=\"widget\" data-widget_type=\"heading.default\">\n\t\t\t\t<div class=\"elementor-widget-container\">\n\t\t\t\t\t<p class=\"elementor-heading-title elementor-size-default\">Ll\u00e1manos<\/p>\t\t\t\t<\/div>\n\t\t\t\t<\/div>\n\t\t\t\t<div class=\"elementor-element elementor-element-b933c29 elementor-widget elementor-widget-heading\" data-id=\"b933c29\" data-element_type=\"widget\" data-e-type=\"widget\" data-widget_type=\"heading.default\">\n\t\t\t\t<div class=\"elementor-widget-container\">\n\t\t\t\t\t<h5 class=\"elementor-heading-title elementor-size-default\"><a href=\"\/es\/Tel\u00e9fono: 14074093885\/\">+1 (407) 409-3885<\/a><\/h5>\t\t\t\t<\/div>\n\t\t\t\t<\/div>\n\t\t\t\t<\/div>\n\t\t<div class=\"elementor-element elementor-element-21bf311 e-con-full e-flex e-con e-child\" data-id=\"21bf311\" data-element_type=\"container\" data-e-type=\"container\">\n\t\t\t\t<div class=\"elementor-element elementor-element-47e63fb elementor-widget elementor-widget-heading\" data-id=\"47e63fb\" data-element_type=\"widget\" data-e-type=\"widget\" data-widget_type=\"heading.default\">\n\t\t\t\t<div class=\"elementor-widget-container\">\n\t\t\t\t\t<p class=\"elementor-heading-title elementor-size-default\">D\u00f3nde encontrarnos<\/p>\t\t\t\t<\/div>\n\t\t\t\t<\/div>\n\t\t\t\t<div class=\"elementor-element elementor-element-c742fd4 elementor-widget elementor-widget-heading\" data-id=\"c742fd4\" data-element_type=\"widget\" data-e-type=\"widget\" data-widget_type=\"heading.default\">\n\t\t\t\t<div class=\"elementor-widget-container\">\n\t\t\t\t\t<h5 class=\"elementor-heading-title elementor-size-default\">2445 Augustine Drive, Suites 150 y 201, Santa Clara, California, 95054 - EUA<\/h5>\t\t\t\t<\/div>\n\t\t\t\t<\/div>\n\t\t\t\t<\/div>\n\t\t\t\t<\/div>\n\t\t\t\t<\/div>\n\t\t<div class=\"elementor-element elementor-element-a5957a4 e-con-full e-flex e-con e-child\" data-id=\"a5957a4\" data-element_type=\"container\" data-e-type=\"container\" data-settings=\"{&quot;background_background&quot;:&quot;classic&quot;}\">\n\t\t\t\t<\/div>\n\t\t\t\t<\/div>\n\t\t\t\t<\/div>","protected":false},"excerpt":{"rendered":"<p>Cont\u00e1ctenos \u00bfEst\u00e1 listo para mejorar sus pr\u00e1cticas agr\u00edcolas? \u00a1Cont\u00e1ctenos hoy y crezcamos juntos! Ll\u00e1menos D\u00f3nde encontrarnos 2445 Augustine Drive, Suites 150 e 201, Santa Clara, California, 95054 \u2013 EUA<\/p>","protected":false},"author":1,"featured_media":0,"parent":0,"menu_order":0,"comment_status":"closed","ping_status":"closed","template":"","meta":{"_acf_changed":false,"_joinchat":[],"footnotes":""},"class_list":["post-181","page","type-page","status-publish","hentry"],"acf":[],"yoast_head":"<!-- This site is optimized with the Yoast SEO plugin v27.4 - https:\/\/yoast.com\/product\/yoast-seo-wordpress\/ -->\n<title>Contact - Avilla Harvest<\/title>\n<meta name=\"robots\" content=\"index, follow, max-snippet:-1, max-image-preview:large, max-video-preview:-1\" \/>\n<link rel=\"canonical\" href=\"https:\/\/avilaharvest.com\/es\/contact\/\" \/>\n<meta property=\"og:locale\" content=\"es_ES\" \/>\n<meta property=\"og:type\" content=\"article\" \/>\n<meta property=\"og:title\" content=\"Contact - Avilla Harvest\" \/>\n<meta property=\"og:description\" content=\"Contact us Ready to enhance your agricultural practices? Contact us today and let&#8217;s grow together! Call us Where you can find us 2445 Augustine Drive, Suites 150 e 201, Santa Clara, Calif\u00f3rnia, 95054 &#8211; EUA\" \/>\n<meta property=\"og:url\" content=\"https:\/\/avilaharvest.com\/es\/contact\/\" \/>\n<meta property=\"og:site_name\" content=\"Avilla Harvest\" \/>\n<meta property=\"article:modified_time\" content=\"2024-07-31T23:56:04+00:00\" \/>\n<meta name=\"twitter:card\" content=\"summary_large_image\" \/>\n<script type=\"application\/ld+json\" class=\"yoast-schema-graph\">{\"@context\":\"https:\\\/\\\/schema.org\",\"@graph\":[{\"@type\":\"WebPage\",\"@id\":\"https:\\\/\\\/avilaharvest.com\\\/pt\\\/contact\\\/\",\"url\":\"https:\\\/\\\/avilaharvest.com\\\/pt\\\/contact\\\/\",\"name\":\"Contact - Avilla Harvest\",\"isPartOf\":{\"@id\":\"https:\\\/\\\/avilaharvest.com\\\/#website\"},\"datePublished\":\"2023-06-30T16:53:13+00:00\",\"dateModified\":\"2024-07-31T23:56:04+00:00\",\"breadcrumb\":{\"@id\":\"https:\\\/\\\/avilaharvest.com\\\/pt\\\/contact\\\/#breadcrumb\"},\"inLanguage\":\"es\",\"potentialAction\":[{\"@type\":\"ReadAction\",\"target\":[\"https:\\\/\\\/avilaharvest.com\\\/pt\\\/contact\\\/\"]}]},{\"@type\":\"BreadcrumbList\",\"@id\":\"https:\\\/\\\/avilaharvest.com\\\/pt\\\/contact\\\/#breadcrumb\",\"itemListElement\":[{\"@type\":\"ListItem\",\"position\":1,\"name\":\"Home\",\"item\":\"https:\\\/\\\/avilaharvest.com\\\/\"},{\"@type\":\"ListItem\",\"position\":2,\"name\":\"Contact\"}]},{\"@type\":\"WebSite\",\"@id\":\"https:\\\/\\\/avilaharvest.com\\\/#website\",\"url\":\"https:\\\/\\\/avilaharvest.com\\\/\",\"name\":\"Avilla Harvest\",\"description\":\"Efficient Harvest, Abundant Results\",\"publisher\":{\"@id\":\"https:\\\/\\\/avilaharvest.com\\\/#organization\"},\"potentialAction\":[{\"@type\":\"SearchAction\",\"target\":{\"@type\":\"EntryPoint\",\"urlTemplate\":\"https:\\\/\\\/avilaharvest.com\\\/?s={search_term_string}\"},\"query-input\":{\"@type\":\"PropertyValueSpecification\",\"valueRequired\":true,\"valueName\":\"search_term_string\"}}],\"inLanguage\":\"es\"},{\"@type\":\"Organization\",\"@id\":\"https:\\\/\\\/avilaharvest.com\\\/#organization\",\"name\":\"Avilla Harvest\",\"url\":\"https:\\\/\\\/avilaharvest.com\\\/\",\"logo\":{\"@type\":\"ImageObject\",\"inLanguage\":\"es\",\"@id\":\"https:\\\/\\\/avilaharvest.com\\\/#\\\/schema\\\/logo\\\/image\\\/\",\"url\":\"http:\\\/\\\/avilaharvest.com\\\/wp-content\\\/uploads\\\/2024\\\/08\\\/jane_3.png\",\"contentUrl\":\"http:\\\/\\\/avilaharvest.com\\\/wp-content\\\/uploads\\\/2024\\\/08\\\/jane_3.png\",\"width\":3151,\"height\":3151,\"caption\":\"Avilla Harvest\"},\"image\":{\"@id\":\"https:\\\/\\\/avilaharvest.com\\\/#\\\/schema\\\/logo\\\/image\\\/\"}}]}<\/script>\n<!-- \/ Yoast SEO plugin. -->","yoast_head_json":{"title":"Contact - Avilla Harvest","robots":{"index":"index","follow":"follow","max-snippet":"max-snippet:-1","max-image-preview":"max-image-preview:large","max-video-preview":"max-video-preview:-1"},"canonical":"https:\/\/avilaharvest.com\/es\/contact\/","og_locale":"es_ES","og_type":"article","og_title":"Contact - Avilla Harvest","og_description":"Contact us Ready to enhance your agricultural practices? Contact us today and let&#8217;s grow together! Call us Where you can find us 2445 Augustine Drive, Suites 150 e 201, Santa Clara, Calif\u00f3rnia, 95054 &#8211; EUA","og_url":"https:\/\/avilaharvest.com\/es\/contact\/","og_site_name":"Avilla Harvest","article_modified_time":"2024-07-31T23:56:04+00:00","twitter_card":"summary_large_image","schema":{"@context":"https:\/\/schema.org","@graph":[{"@type":"WebPage","@id":"https:\/\/avilaharvest.com\/pt\/contact\/","url":"https:\/\/avilaharvest.com\/pt\/contact\/","name":"Contact - Avilla Harvest","isPartOf":{"@id":"https:\/\/avilaharvest.com\/#website"},"datePublished":"2023-06-30T16:53:13+00:00","dateModified":"2024-07-31T23:56:04+00:00","breadcrumb":{"@id":"https:\/\/avilaharvest.com\/pt\/contact\/#breadcrumb"},"inLanguage":"es","potentialAction":[{"@type":"ReadAction","target":["https:\/\/avilaharvest.com\/pt\/contact\/"]}]},{"@type":"BreadcrumbList","@id":"https:\/\/avilaharvest.com\/pt\/contact\/#breadcrumb","itemListElement":[{"@type":"ListItem","position":1,"name":"Home","item":"https:\/\/avilaharvest.com\/"},{"@type":"ListItem","position":2,"name":"Contact"}]},{"@type":"WebSite","@id":"https:\/\/avilaharvest.com\/#website","url":"https:\/\/avilaharvest.com\/","name":"Cosecha de Avilla","description":"Cosecha eficiente, resultados abundantes","publisher":{"@id":"https:\/\/avilaharvest.com\/#organization"},"potentialAction":[{"@type":"SearchAction","target":{"@type":"EntryPoint","urlTemplate":"https:\/\/avilaharvest.com\/?s={search_term_string}"},"query-input":{"@type":"PropertyValueSpecification","valueRequired":true,"valueName":"search_term_string"}}],"inLanguage":"es"},{"@type":"Organization","@id":"https:\/\/avilaharvest.com\/#organization","name":"Cosecha de Avilla","url":"https:\/\/avilaharvest.com\/","logo":{"@type":"ImageObject","inLanguage":"es","@id":"https:\/\/avilaharvest.com\/#\/schema\/logo\/image\/","url":"http:\/\/avilaharvest.com\/wp-content\/uploads\/2024\/08\/jane_3.png","contentUrl":"http:\/\/avilaharvest.com\/wp-content\/uploads\/2024\/08\/jane_3.png","width":3151,"height":3151,"caption":"Avilla Harvest"},"image":{"@id":"https:\/\/avilaharvest.com\/#\/schema\/logo\/image\/"}}]}},"_links":{"self":[{"href":"http:\/\/avilaharvest.com\/es\/wp-json\/wp\/v2\/pages\/181","targetHints":{"allow":["GET"]}}],"collection":[{"href":"http:\/\/avilaharvest.com\/es\/wp-json\/wp\/v2\/pages"}],"about":[{"href":"http:\/\/avilaharvest.com\/es\/wp-json\/wp\/v2\/types\/page"}],"author":[{"embeddable":true,"href":"http:\/\/avilaharvest.com\/es\/wp-json\/wp\/v2\/users\/1"}],"replies":[{"embeddable":true,"href":"http:\/\/avilaharvest.com\/es\/wp-json\/wp\/v2\/comments?post=181"}],"version-history":[{"count":17,"href":"http:\/\/avilaharvest.com\/es\/wp-json\/wp\/v2\/pages\/181\/revisions"}],"predecessor-version":[{"id":564,"href":"http:\/\/avilaharvest.com\/es\/wp-json\/wp\/v2\/pages\/181\/revisions\/564"}],"wp:attachment":[{"href":"http:\/\/avilaharvest.com\/es\/wp-json\/wp\/v2\/media?parent=181"}],"curies":[{"name":"gracias","href":"https:\/\/api.w.org\/{rel}","templated":true}]}}