{"id":3,"date":"2023-05-03T01:24:49","date_gmt":"2023-05-03T04:24:49","guid":{"rendered":"http:\/\/avilaharvest.com\/?page_id=3"},"modified":"2024-08-01T10:59:42","modified_gmt":"2024-08-01T13:59:42","slug":"cookie-policy","status":"publish","type":"page","link":"http:\/\/avilaharvest.com\/es\/cookie-policy\/","title":{"rendered":"Pol\u00edtica de cookies"},"content":{"rendered":"<div data-elementor-type=\"wp-page\" data-elementor-id=\"3\" class=\"elementor elementor-3\" data-elementor-post-type=\"page\">\n\t\t\t\t\t\t<section class=\"elementor-section elementor-top-section elementor-element elementor-element-637da83e elementor-section-boxed elementor-section-height-default elementor-section-height-default\" data-id=\"637da83e\" data-element_type=\"section\" data-e-type=\"section\">\n\t\t\t\t\t\t<div class=\"elementor-container elementor-column-gap-default\">\n\t\t\t\t\t<div class=\"elementor-column elementor-col-100 elementor-top-column elementor-element elementor-element-703884c1\" data-id=\"703884c1\" data-element_type=\"column\" data-e-type=\"column\">\n\t\t\t<div class=\"elementor-widget-wrap elementor-element-populated\">\n\t\t\t\t\t\t<div class=\"elementor-element elementor-element-1ce802dd elementor-widget elementor-widget-text-editor\" data-id=\"1ce802dd\" data-element_type=\"widget\" data-e-type=\"widget\" data-widget_type=\"text-editor.default\">\n\t\t\t\t<div class=\"elementor-widget-container\">\n\t\t\t\t\t\t\t\t\t<p><\/p>\n<p><strong>pol\u00edtica de privacidad<\/strong><\/p>\n<p><strong>1. Introducci\u00f3n<\/strong><\/p>\n<p>Bienvenido a Avilla Harvest. Respetamos su privacidad y nos comprometemos a proteger sus datos personales. Esta pol\u00edtica de privacidad le informar\u00e1 sobre c\u00f3mo cuidamos sus datos personales cuando visita nuestro sitio web y le informar\u00e1 sobre sus derechos de privacidad y c\u00f3mo la ley lo protege.<\/p>\n<p><strong>2. Informaci\u00f3n importante y qui\u00e9nes somos<\/strong><\/p>\n<p>Avilla Harvest es el controlador y responsable de sus datos personales.<\/p>\n<p><strong>Datos de contacto:<\/strong><\/p>\n<ul>\n<li>Tel\u00e9fono: +1 (407) 409-3885<\/li>\n<li>Direcci\u00f3n: 2445 Augustine Drive, Suites 150 y 201, Santa Clara, California, 95054, Estados Unidos de Am\u00e9rica<\/li>\n<\/ul>\n<p><strong>3. Los datos que recopilamos sobre usted<\/strong><\/p>\n<p>Podemos recopilar, usar, almacenar y transferir diferentes tipos de datos personales sobre usted que hemos agrupado de la siguiente manera:<\/p>\n<ul>\n<li><strong>Datos de identidad:<\/strong> Incluye tu nombre.<\/li>\n<li><strong>Datos de contacto:<\/strong> Incluye su direcci\u00f3n de correo electr\u00f3nico y n\u00famero de tel\u00e9fono.<\/li>\n<li><strong>Datos del mensaje:<\/strong> incluye cualquier texto que proporcione en el formulario de contacto.<\/li>\n<\/ul>\n<p><strong>4. \u00bfC\u00f3mo se recopilan sus datos personales?<\/strong><\/p>\n<p>Utilizamos diferentes m\u00e9todos para recopilar datos de y sobre usted, incluso a trav\u00e9s de:<\/p>\n<ul>\n<li><strong>Interacciones directas:<\/strong> Puede proporcionar datos de identidad, contacto y mensajes completando formularios o comunic\u00e1ndose con nosotros por correo postal, tel\u00e9fono, correo electr\u00f3nico o de otro modo.<\/li>\n<\/ul>\n<p><strong>5. C\u00f3mo utilizamos sus datos personales<\/strong><\/p>\n<p>Solo utilizaremos sus datos personales cuando la ley nos lo permita. Normalmente, utilizaremos sus datos personales en las siguientes circunstancias:<\/p>\n<ul>\n<li>Para responder a sus consultas enviadas a trav\u00e9s de nuestro formulario de contacto.<\/li>\n<\/ul>\n<p><strong>6. Divulgaci\u00f3n de sus datos personales<\/strong><\/p>\n<p>No compartiremos sus datos personales con terceros con fines comerciales. Es posible que tengamos que compartir sus datos personales con terceros externos, como proveedores de servicios con sede en los Estados Unidos que brindan servicios de administraci\u00f3n de sistemas y TI.<\/p>\n<p><strong>7. Seguridad de los datos<\/strong><\/p>\n<p>Hemos implementado medidas de seguridad adecuadas para evitar que sus datos personales se pierdan accidentalmente, se utilicen o se acceda a ellos de forma no autorizada.<\/p>\n<p><strong>8. Retenci\u00f3n de datos<\/strong><\/p>\n<p>Solo conservaremos sus datos personales durante el tiempo que sea necesario para cumplir los fines para los que los recopilamos.<\/p>\n<p><strong>9. Sus derechos legales<\/strong><\/p>\n<p>En determinadas circunstancias, usted tiene derechos bajo las leyes de protecci\u00f3n de datos en relaci\u00f3n con sus datos personales, incluido el derecho a acceder, corregir o solicitar la eliminaci\u00f3n de sus datos personales.<\/p>\n<p><strong>10. Contacto<\/strong><\/p>\n<p>Si tiene alguna pregunta sobre esta pol\u00edtica de privacidad o nuestras pr\u00e1cticas de privacidad, cont\u00e1ctenos utilizando los detalles establecidos anteriormente.<\/p>\n<hr \/>\n<p><strong>Pol\u00edtica de cookies<\/strong><\/p>\n<p><strong>1. Introducci\u00f3n<\/strong><\/p>\n<p>Nuestro sitio web utiliza cookies para distinguirlo de otros usuarios de nuestro sitio web. Esto nos ayuda a brindarle una buena experiencia cuando navega por nuestro sitio web y tambi\u00e9n nos permite mejorar nuestro sitio.<\/p>\n<p><strong>2. \u00bfQu\u00e9 son las cookies?<\/strong><\/p>\n<p>Una cookie es un peque\u00f1o archivo de letras y n\u00fameros que almacenamos en su navegador o en el disco duro de su computadora si usted acepta.<\/p>\n<p><strong>3. C\u00f3mo utilizamos las cookies<\/strong><\/p>\n<p>Utilizamos las siguientes cookies:<\/p>\n<ul>\n<li><strong>Cookies estrictamente necesarias:<\/strong> Estas son cookies que son necesarias para el funcionamiento de nuestro sitio web.<\/li>\n<li><strong>Cookies anal\u00edticas\/de rendimiento:<\/strong> Nos permiten reconocer y contar el n\u00famero de visitantes y ver c\u00f3mo se mueven los visitantes por nuestro sitio web cuando lo utilizan.<\/li>\n<\/ul>\n<p><strong>4. Gesti\u00f3n de cookies<\/strong><\/p>\n<p>Puede bloquear las cookies activando la configuraci\u00f3n de su navegador que le permite rechazar la instalaci\u00f3n de todas o algunas cookies. Sin embargo, si utiliza la configuraci\u00f3n de su navegador para bloquear todas las cookies (incluidas las cookies esenciales), es posible que no pueda acceder a todo o parte de nuestro sitio.<\/p>\n<p><strong>5. Cambios en esta Pol\u00edtica de Cookies<\/strong><\/p>\n<p>Es posible que actualicemos esta pol\u00edtica de vez en cuando. Cualquier cambio que hagamos en nuestra pol\u00edtica de cookies en el futuro se publicar\u00e1 en esta p\u00e1gina.<\/p>\n<p><strong>6. Contacto<\/strong><\/p>\n<p>Las preguntas, comentarios y solicitudes con respecto a esta pol\u00edtica de cookies son bienvenidas y deben dirigirse a:<\/p>\n<ul>\n<li>Tel\u00e9fono: +1 (407) 409-3885<\/li>\n<li>Direcci\u00f3n: 2445 Augustine Drive, Suites 150 y 201, Santa Clara, California, 95054, Estados Unidos de Am\u00e9rica<\/li>\n<\/ul>\n<p><\/p>\t\t\t\t\t\t\t\t<\/div>\n\t\t\t\t<\/div>\n\t\t\t\t\t<\/div>\n\t\t<\/div>\n\t\t\t\t\t<\/div>\n\t\t<\/section>\n\t\t\t\t<\/div>","protected":false},"excerpt":{"rendered":"<p>Privacy Policy 1. Introduction Welcome to Avilla Harvest. We respect your privacy and are committed to protecting your personal data. This privacy policy will inform you about how we look after your personal data when you visit our website and tell you about your privacy rights and how the law protects you. 2. Important Information [&hellip;]<\/p>\n","protected":false},"author":1,"featured_media":0,"parent":0,"menu_order":0,"comment_status":"closed","ping_status":"closed","template":"elementor_header_footer","meta":{"_acf_changed":false,"_joinchat":[],"footnotes":""},"class_list":["post-3","page","type-page","status-publish","hentry"],"acf":[],"yoast_head":"<!-- This site is optimized with the Yoast SEO plugin v27.5 - https:\/\/yoast.com\/product\/yoast-seo-wordpress\/ -->\n<title>Cookie Policy - Avilla Harvest<\/title>\n<meta name=\"robots\" content=\"index, follow, max-snippet:-1, max-image-preview:large, max-video-preview:-1\" \/>\n<link rel=\"canonical\" href=\"http:\/\/avilaharvest.com\/es\/cookie-policy\/\" \/>\n<meta property=\"og:locale\" content=\"es_ES\" \/>\n<meta property=\"og:type\" content=\"article\" \/>\n<meta property=\"og:title\" content=\"Cookie Policy - Avilla Harvest\" \/>\n<meta property=\"og:description\" content=\"Privacy Policy 1. Introduction Welcome to Avilla Harvest. We respect your privacy and are committed to protecting your personal data. This privacy policy will inform you about how we look after your personal data when you visit our website and tell you about your privacy rights and how the law protects you. 2. Important Information [&hellip;]\" \/>\n<meta property=\"og:url\" content=\"http:\/\/avilaharvest.com\/es\/cookie-policy\/\" \/>\n<meta property=\"og:site_name\" content=\"Avilla Harvest\" \/>\n<meta property=\"article:modified_time\" content=\"2024-08-01T13:59:42+00:00\" \/>\n<meta name=\"twitter:card\" content=\"summary_large_image\" \/>\n<meta name=\"twitter:label1\" content=\"Tiempo de lectura\" \/>\n\t<meta name=\"twitter:data1\" content=\"3 minutos\" \/>\n<script type=\"application\/ld+json\" class=\"yoast-schema-graph\">{\"@context\":\"https:\\\/\\\/schema.org\",\"@graph\":[{\"@type\":\"WebPage\",\"@id\":\"http:\\\/\\\/avilaharvest.com\\\/pt\\\/cookie-policy\\\/\",\"url\":\"http:\\\/\\\/avilaharvest.com\\\/pt\\\/cookie-policy\\\/\",\"name\":\"Cookie Policy - Avilla Harvest\",\"isPartOf\":{\"@id\":\"http:\\\/\\\/avilaharvest.com\\\/#website\"},\"datePublished\":\"2023-05-03T04:24:49+00:00\",\"dateModified\":\"2024-08-01T13:59:42+00:00\",\"breadcrumb\":{\"@id\":\"http:\\\/\\\/avilaharvest.com\\\/pt\\\/cookie-policy\\\/#breadcrumb\"},\"inLanguage\":\"es\",\"potentialAction\":[{\"@type\":\"ReadAction\",\"target\":[\"http:\\\/\\\/avilaharvest.com\\\/pt\\\/cookie-policy\\\/\"]}]},{\"@type\":\"BreadcrumbList\",\"@id\":\"http:\\\/\\\/avilaharvest.com\\\/pt\\\/cookie-policy\\\/#breadcrumb\",\"itemListElement\":[{\"@type\":\"ListItem\",\"position\":1,\"name\":\"Home\",\"item\":\"http:\\\/\\\/avilaharvest.com\\\/\"},{\"@type\":\"ListItem\",\"position\":2,\"name\":\"Cookie Policy\"}]},{\"@type\":\"WebSite\",\"@id\":\"http:\\\/\\\/avilaharvest.com\\\/#website\",\"url\":\"http:\\\/\\\/avilaharvest.com\\\/\",\"name\":\"Avilla Harvest\",\"description\":\"Efficient Harvest, Abundant Results\",\"publisher\":{\"@id\":\"http:\\\/\\\/avilaharvest.com\\\/#organization\"},\"potentialAction\":[{\"@type\":\"SearchAction\",\"target\":{\"@type\":\"EntryPoint\",\"urlTemplate\":\"http:\\\/\\\/avilaharvest.com\\\/?s={search_term_string}\"},\"query-input\":{\"@type\":\"PropertyValueSpecification\",\"valueRequired\":true,\"valueName\":\"search_term_string\"}}],\"inLanguage\":\"es\"},{\"@type\":\"Organization\",\"@id\":\"http:\\\/\\\/avilaharvest.com\\\/#organization\",\"name\":\"Avilla Harvest\",\"url\":\"http:\\\/\\\/avilaharvest.com\\\/\",\"logo\":{\"@type\":\"ImageObject\",\"inLanguage\":\"es\",\"@id\":\"http:\\\/\\\/avilaharvest.com\\\/#\\\/schema\\\/logo\\\/image\\\/\",\"url\":\"http:\\\/\\\/avilaharvest.com\\\/wp-content\\\/uploads\\\/2024\\\/08\\\/jane_3.png\",\"contentUrl\":\"http:\\\/\\\/avilaharvest.com\\\/wp-content\\\/uploads\\\/2024\\\/08\\\/jane_3.png\",\"width\":3151,\"height\":3151,\"caption\":\"Avilla Harvest\"},\"image\":{\"@id\":\"http:\\\/\\\/avilaharvest.com\\\/#\\\/schema\\\/logo\\\/image\\\/\"}}]}<\/script>\n<!-- \/ Yoast SEO plugin. -->","yoast_head_json":{"title":"Pol\u00edtica de cookies - Avilla Harvest","robots":{"index":"index","follow":"follow","max-snippet":"max-snippet:-1","max-image-preview":"max-image-preview:large","max-video-preview":"max-video-preview:-1"},"canonical":"http:\/\/avilaharvest.com\/es\/cookie-policy\/","og_locale":"es_ES","og_type":"article","og_title":"Cookie Policy - Avilla Harvest","og_description":"Privacy Policy 1. Introduction Welcome to Avilla Harvest. We respect your privacy and are committed to protecting your personal data. This privacy policy will inform you about how we look after your personal data when you visit our website and tell you about your privacy rights and how the law protects you. 2. Important Information [&hellip;]","og_url":"http:\/\/avilaharvest.com\/es\/cookie-policy\/","og_site_name":"Avilla Harvest","article_modified_time":"2024-08-01T13:59:42+00:00","twitter_card":"summary_large_image","twitter_misc":{"Tiempo de lectura":"3 minutos"},"schema":{"@context":"https:\/\/schema.org","@graph":[{"@type":"WebPage","@id":"http:\/\/avilaharvest.com\/pt\/cookie-policy\/","url":"http:\/\/avilaharvest.com\/pt\/cookie-policy\/","name":"Pol\u00edtica de cookies - Avilla Harvest","isPartOf":{"@id":"http:\/\/avilaharvest.com\/#website"},"datePublished":"2023-05-03T04:24:49+00:00","dateModified":"2024-08-01T13:59:42+00:00","breadcrumb":{"@id":"http:\/\/avilaharvest.com\/pt\/cookie-policy\/#breadcrumb"},"inLanguage":"es","potentialAction":[{"@type":"ReadAction","target":["http:\/\/avilaharvest.com\/pt\/cookie-policy\/"]}]},{"@type":"BreadcrumbList","@id":"http:\/\/avilaharvest.com\/pt\/cookie-policy\/#breadcrumb","itemListElement":[{"@type":"ListItem","position":1,"name":"Home","item":"http:\/\/avilaharvest.com\/"},{"@type":"ListItem","position":2,"name":"Cookie Policy"}]},{"@type":"WebSite","@id":"http:\/\/avilaharvest.com\/#website","url":"http:\/\/avilaharvest.com\/","name":"Cosecha de Avilla","description":"Cosecha eficiente, resultados abundantes","publisher":{"@id":"http:\/\/avilaharvest.com\/#organization"},"potentialAction":[{"@type":"SearchAction","target":{"@type":"EntryPoint","urlTemplate":"http:\/\/avilaharvest.com\/?s={search_term_string}"},"query-input":{"@type":"PropertyValueSpecification","valueRequired":true,"valueName":"search_term_string"}}],"inLanguage":"es"},{"@type":"Organization","@id":"http:\/\/avilaharvest.com\/#organization","name":"Cosecha de Avilla","url":"http:\/\/avilaharvest.com\/","logo":{"@type":"ImageObject","inLanguage":"es","@id":"http:\/\/avilaharvest.com\/#\/schema\/logo\/image\/","url":"http:\/\/avilaharvest.com\/wp-content\/uploads\/2024\/08\/jane_3.png","contentUrl":"http:\/\/avilaharvest.com\/wp-content\/uploads\/2024\/08\/jane_3.png","width":3151,"height":3151,"caption":"Avilla Harvest"},"image":{"@id":"http:\/\/avilaharvest.com\/#\/schema\/logo\/image\/"}}]}},"_links":{"self":[{"href":"http:\/\/avilaharvest.com\/es\/wp-json\/wp\/v2\/pages\/3","targetHints":{"allow":["GET"]}}],"collection":[{"href":"http:\/\/avilaharvest.com\/es\/wp-json\/wp\/v2\/pages"}],"about":[{"href":"http:\/\/avilaharvest.com\/es\/wp-json\/wp\/v2\/types\/page"}],"author":[{"embeddable":true,"href":"http:\/\/avilaharvest.com\/es\/wp-json\/wp\/v2\/users\/1"}],"replies":[{"embeddable":true,"href":"http:\/\/avilaharvest.com\/es\/wp-json\/wp\/v2\/comments?post=3"}],"version-history":[{"count":14,"href":"http:\/\/avilaharvest.com\/es\/wp-json\/wp\/v2\/pages\/3\/revisions"}],"predecessor-version":[{"id":593,"href":"http:\/\/avilaharvest.com\/es\/wp-json\/wp\/v2\/pages\/3\/revisions\/593"}],"wp:attachment":[{"href":"http:\/\/avilaharvest.com\/es\/wp-json\/wp\/v2\/media?parent=3"}],"curies":[{"name":"gracias","href":"https:\/\/api.w.org\/{rel}","templated":true}]}}