{"id":495,"date":"2024-07-31T19:31:50","date_gmt":"2024-07-31T22:31:50","guid":{"rendered":"http:\/\/avilaharvest.com\/?page_id=495"},"modified":"2024-09-06T09:04:12","modified_gmt":"2024-09-06T12:04:12","slug":"work-with-us","status":"publish","type":"page","link":"http:\/\/avilaharvest.com\/es\/work-with-us\/","title":{"rendered":"Trabaja con nosotros"},"content":{"rendered":"\t\t<div data-elementor-type=\"wp-page\" data-elementor-id=\"495\" class=\"elementor elementor-495\" data-elementor-post-type=\"page\">\n\t\t\t\t<div class=\"elementor-element elementor-element-d2ebb6e e-flex e-con-boxed e-con e-parent\" data-id=\"d2ebb6e\" data-element_type=\"container\" data-e-type=\"container\" data-settings=\"{&quot;background_background&quot;:&quot;classic&quot;}\">\n\t\t\t\t\t<div class=\"e-con-inner\">\n\t\t\t\t\t<\/div>\n\t\t\t\t<\/div>\n\t\t<div class=\"elementor-element elementor-element-9bc012b e-flex e-con-boxed e-con e-parent\" data-id=\"9bc012b\" data-element_type=\"container\" data-e-type=\"container\">\n\t\t\t\t\t<div class=\"e-con-inner\">\n\t\t\t\t<div class=\"elementor-element elementor-element-ddbaf7d elementor-widget elementor-widget-heading\" data-id=\"ddbaf7d\" data-element_type=\"widget\" data-e-type=\"widget\" data-widget_type=\"heading.default\">\n\t\t\t\t<div class=\"elementor-widget-container\">\n\t\t\t\t\t<h1 class=\"elementor-heading-title elementor-size-default\">Work with us!<\/h1>\t\t\t\t<\/div>\n\t\t\t\t<\/div>\n\t\t\t\t<div class=\"elementor-element elementor-element-11eeee8 elementor-widget elementor-widget-heading\" data-id=\"11eeee8\" data-element_type=\"widget\" data-e-type=\"widget\" data-widget_type=\"heading.default\">\n\t\t\t\t<div class=\"elementor-widget-container\">\n\t\t\t\t\t<p class=\"elementor-heading-title elementor-size-default\">Join our team and help shape the future of agriculture with innovation and dedication.<\/p>\t\t\t\t<\/div>\n\t\t\t\t<\/div>\n\t\t\t\t<div class=\"elementor-element elementor-element-854f103 elementor-button-align-stretch elementor-widget elementor-widget-form\" data-id=\"854f103\" data-element_type=\"widget\" data-e-type=\"widget\" data-settings=\"{&quot;step_next_label&quot;:&quot;Pr\\u00f3ximo&quot;,&quot;step_previous_label&quot;:&quot;Anterior&quot;,&quot;button_width&quot;:&quot;100&quot;,&quot;step_type&quot;:&quot;number_text&quot;,&quot;step_icon_shape&quot;:&quot;circle&quot;}\" data-widget_type=\"form.default\">\n\t\t\t\t<div class=\"elementor-widget-container\">\n\t\t\t\t\t\t\t<form class=\"elementor-form\" method=\"post\" name=\"Work with us\">\n\t\t\t<input type=\"hidden\" name=\"post_id\" value=\"495\"\/>\n\t\t\t<input type=\"hidden\" name=\"form_id\" value=\"854f103\"\/>\n\t\t\t<input type=\"hidden\" name=\"referer_title\" value=\"Work with us - Avilla Harvest\" \/>\n\n\t\t\t\t\t\t\t<input type=\"hidden\" name=\"queried_id\" value=\"495\"\/>\n\t\t\t\n\t\t\t<div class=\"elementor-form-fields-wrapper elementor-labels-above\">\n\t\t\t\t\t\t\t\t<div class=\"elementor-field-type-text elementor-field-group elementor-column elementor-field-group-name elementor-col-100 elementor-field-required\">\n\t\t\t\t\t\t\t\t\t\t\t\t<label for=\"form-field-name\" class=\"elementor-field-label\">\n\t\t\t\t\t\t\t\tName\t\t\t\t\t\t\t<\/label>\n\t\t\t\t\t\t\t\t\t\t\t\t\t\t<input size=\"1\" type=\"text\" name=\"form_fields[name]\" id=\"form-field-name\" class=\"elementor-field elementor-size-lg  elementor-field-textual\" placeholder=\"Name\" required=\"required\" aria-required=\"true\">\n\t\t\t\t\t\t\t\t\t\t\t<\/div>\n\t\t\t\t\t\t\t\t<div class=\"elementor-field-type-email elementor-field-group elementor-column elementor-field-group-email elementor-col-100 elementor-field-required\">\n\t\t\t\t\t\t\t\t\t\t\t\t<label for=\"form-field-email\" class=\"elementor-field-label\">\n\t\t\t\t\t\t\t\tE-mail\t\t\t\t\t\t\t<\/label>\n\t\t\t\t\t\t\t\t\t\t\t\t\t\t<input size=\"1\" type=\"email\" name=\"form_fields[email]\" id=\"form-field-email\" class=\"elementor-field elementor-size-lg  elementor-field-textual\" placeholder=\"E-mail\" required=\"required\" aria-required=\"true\">\n\t\t\t\t\t\t\t\t\t\t\t<\/div>\n\t\t\t\t\t\t\t\t<div class=\"elementor-field-type-tel elementor-field-group elementor-column elementor-field-group-field_aad14bf elementor-col-100 elementor-field-required\">\n\t\t\t\t\t\t\t\t\t\t\t\t<label for=\"form-field-field_aad14bf\" class=\"elementor-field-label\">\n\t\t\t\t\t\t\t\tNumber\t\t\t\t\t\t\t<\/label>\n\t\t\t\t\t\t\t\t<input size=\"1\" type=\"tel\" name=\"form_fields[field_aad14bf]\" id=\"form-field-field_aad14bf\" class=\"elementor-field elementor-size-lg  elementor-field-textual\" placeholder=\"Number\" required=\"required\" aria-required=\"true\" pattern=\"[0-9()#&amp;+*-=.]+\" title=\"Somente n\u00fameros e caracteres de telefone (#, -, *, etc) s\u00e3o aceitos.\">\n\n\t\t\t\t\t\t<\/div>\n\t\t\t\t\t\t\t\t<div class=\"elementor-field-type-text elementor-field-group elementor-column elementor-field-group-field_20c7855 elementor-col-100 elementor-field-required\">\n\t\t\t\t\t\t\t\t\t\t\t\t<label for=\"form-field-field_20c7855\" class=\"elementor-field-label\">\n\t\t\t\t\t\t\t\tWhich job opportunity are you appling for?\t\t\t\t\t\t\t<\/label>\n\t\t\t\t\t\t\t\t\t\t\t\t\t\t<input size=\"1\" type=\"text\" name=\"form_fields[field_20c7855]\" id=\"form-field-field_20c7855\" class=\"elementor-field elementor-size-lg  elementor-field-textual\" placeholder=\"Which job opportunity are you appling for?\" required=\"required\" aria-required=\"true\">\n\t\t\t\t\t\t\t\t\t\t\t<\/div>\n\t\t\t\t\t\t\t\t<div class=\"elementor-field-type-textarea elementor-field-group elementor-column elementor-field-group-message elementor-col-100 elementor-field-required\">\n\t\t\t\t\t\t\t\t\t\t\t\t<label for=\"form-field-message\" class=\"elementor-field-label\">\n\t\t\t\t\t\t\t\tTell us about your experience\t\t\t\t\t\t\t<\/label>\n\t\t\t\t\t\t<textarea class=\"elementor-field-textual elementor-field  elementor-size-lg\" name=\"form_fields[message]\" id=\"form-field-message\" rows=\"11\" placeholder=\"Tell us about your experience\" required=\"required\" aria-required=\"true\"><\/textarea>\t\t\t\t<\/div>\n\t\t\t\t\t\t\t\t<div class=\"elementor-field-type-upload elementor-field-group elementor-column elementor-field-group-field_a160405 elementor-col-100\">\n\t\t\t\t\t\t\t\t\t\t\t\t<label for=\"form-field-field_a160405\" class=\"elementor-field-label\">\n\t\t\t\t\t\t\t\tAttach your resume here\t\t\t\t\t\t\t<\/label>\n\t\t\t\t\t\t\t\t<input type=\"file\" name=\"form_fields[field_a160405]\" id=\"form-field-field_a160405\" class=\"elementor-field elementor-size-lg  elementor-upload-field\" data-maxsize=\"3\" data-maxsize-message=\"Este arquivo excede o tamanho m\u00e1ximo permitido.\">\n\n\t\t\t\t\t\t<\/div>\n\t\t\t\t\t\t\t\t<div class=\"elementor-field-group elementor-column elementor-field-type-submit elementor-col-100 e-form__buttons\">\n\t\t\t\t\t<button class=\"elementor-button elementor-size-md\" type=\"submit\">\n\t\t\t\t\t\t<span class=\"elementor-button-content-wrapper\">\n\t\t\t\t\t\t\t\t\t\t\t\t\t\t\t\t\t\t\t\t\t\t<span class=\"elementor-button-text\">Send<\/span>\n\t\t\t\t\t\t\t\t\t\t\t\t\t<\/span>\n\t\t\t\t\t<\/button>\n\t\t\t\t<\/div>\n\t\t\t<\/div>\n\t\t<\/form>\n\t\t\t\t\t\t<\/div>\n\t\t\t\t<\/div>\n\t\t\t\t<div class=\"elementor-element elementor-element-4b154bd elementor-widget elementor-widget-html\" data-id=\"4b154bd\" data-element_type=\"widget\" data-e-type=\"widget\" data-widget_type=\"html.default\">\n\t\t\t\t<div class=\"elementor-widget-container\">\n\t\t\t\t\t<script>\n    let inputFile = document.querySelector(\".elementor-field-type-upload input[type='file']\");\n    let labelInputFile = document.querySelector('.elementor-field-type-upload label');\n\n    inputFile.addEventListener(\"change\", () => {\n        let files = inputFile.files;\n        let fileNames = [];\n\n        for (let i = 0; i < files.length; i++) {\n            fileNames.push(files[i].name);\n        }\n\n        labelInputFile.innerText = fileNames.join(', '); \/\/ Separa os nomes por v\u00edrgula\n    });\n<\/script>\t\t\t\t<\/div>\n\t\t\t\t<\/div>\n\t\t\t\t\t<\/div>\n\t\t\t\t<\/div>\n\t\t\t\t<\/div>\n\t\t","protected":false},"excerpt":{"rendered":"<p>\u00a1Trabaja con nosotros! \u00danete a nuestro equipo y ayuda a dar forma al futuro de la agricultura con innovaci\u00f3n y dedicaci\u00f3n.<\/p>","protected":false},"author":1,"featured_media":0,"parent":0,"menu_order":0,"comment_status":"closed","ping_status":"closed","template":"","meta":{"_acf_changed":false,"_joinchat":[],"footnotes":""},"class_list":["post-495","page","type-page","status-publish","hentry"],"acf":[],"yoast_head":"<!-- This site is optimized with the Yoast SEO plugin v27.4 - https:\/\/yoast.com\/product\/yoast-seo-wordpress\/ -->\n<title>Work with us - Avilla Harvest<\/title>\n<meta name=\"robots\" content=\"index, follow, max-snippet:-1, max-image-preview:large, max-video-preview:-1\" \/>\n<link rel=\"canonical\" href=\"https:\/\/avilaharvest.com\/es\/work-with-us\/\" \/>\n<meta property=\"og:locale\" content=\"es_ES\" \/>\n<meta property=\"og:type\" content=\"article\" \/>\n<meta property=\"og:title\" content=\"Work with us - Avilla Harvest\" \/>\n<meta property=\"og:description\" content=\"Work with us! Join our team and help shape the future of agriculture with innovation and dedication.\" \/>\n<meta property=\"og:url\" content=\"https:\/\/avilaharvest.com\/es\/work-with-us\/\" \/>\n<meta property=\"og:site_name\" content=\"Avilla Harvest\" \/>\n<meta property=\"article:modified_time\" content=\"2024-09-06T12:04:12+00:00\" \/>\n<meta name=\"twitter:card\" content=\"summary_large_image\" \/>\n<script type=\"application\/ld+json\" class=\"yoast-schema-graph\">{\"@context\":\"https:\\\/\\\/schema.org\",\"@graph\":[{\"@type\":\"WebPage\",\"@id\":\"https:\\\/\\\/avilaharvest.com\\\/work-with-us\\\/\",\"url\":\"https:\\\/\\\/avilaharvest.com\\\/work-with-us\\\/\",\"name\":\"Work with us - Avilla Harvest\",\"isPartOf\":{\"@id\":\"https:\\\/\\\/avilaharvest.com\\\/#website\"},\"datePublished\":\"2024-07-31T22:31:50+00:00\",\"dateModified\":\"2024-09-06T12:04:12+00:00\",\"breadcrumb\":{\"@id\":\"https:\\\/\\\/avilaharvest.com\\\/work-with-us\\\/#breadcrumb\"},\"inLanguage\":\"es\",\"potentialAction\":[{\"@type\":\"ReadAction\",\"target\":[\"https:\\\/\\\/avilaharvest.com\\\/work-with-us\\\/\"]}]},{\"@type\":\"BreadcrumbList\",\"@id\":\"https:\\\/\\\/avilaharvest.com\\\/work-with-us\\\/#breadcrumb\",\"itemListElement\":[{\"@type\":\"ListItem\",\"position\":1,\"name\":\"Home\",\"item\":\"https:\\\/\\\/avilaharvest.com\\\/\"},{\"@type\":\"ListItem\",\"position\":2,\"name\":\"Work with us\"}]},{\"@type\":\"WebSite\",\"@id\":\"https:\\\/\\\/avilaharvest.com\\\/#website\",\"url\":\"https:\\\/\\\/avilaharvest.com\\\/\",\"name\":\"Avilla Harvest\",\"description\":\"Efficient Harvest, Abundant Results\",\"publisher\":{\"@id\":\"https:\\\/\\\/avilaharvest.com\\\/#organization\"},\"potentialAction\":[{\"@type\":\"SearchAction\",\"target\":{\"@type\":\"EntryPoint\",\"urlTemplate\":\"https:\\\/\\\/avilaharvest.com\\\/?s={search_term_string}\"},\"query-input\":{\"@type\":\"PropertyValueSpecification\",\"valueRequired\":true,\"valueName\":\"search_term_string\"}}],\"inLanguage\":\"es\"},{\"@type\":\"Organization\",\"@id\":\"https:\\\/\\\/avilaharvest.com\\\/#organization\",\"name\":\"Avilla Harvest\",\"url\":\"https:\\\/\\\/avilaharvest.com\\\/\",\"logo\":{\"@type\":\"ImageObject\",\"inLanguage\":\"es\",\"@id\":\"https:\\\/\\\/avilaharvest.com\\\/#\\\/schema\\\/logo\\\/image\\\/\",\"url\":\"http:\\\/\\\/avilaharvest.com\\\/wp-content\\\/uploads\\\/2024\\\/08\\\/jane_3.png\",\"contentUrl\":\"http:\\\/\\\/avilaharvest.com\\\/wp-content\\\/uploads\\\/2024\\\/08\\\/jane_3.png\",\"width\":3151,\"height\":3151,\"caption\":\"Avilla Harvest\"},\"image\":{\"@id\":\"https:\\\/\\\/avilaharvest.com\\\/#\\\/schema\\\/logo\\\/image\\\/\"}}]}<\/script>\n<!-- \/ Yoast SEO plugin. -->","yoast_head_json":{"title":"Trabaja con nosotros - Avilla Harvest","robots":{"index":"index","follow":"follow","max-snippet":"max-snippet:-1","max-image-preview":"max-image-preview:large","max-video-preview":"max-video-preview:-1"},"canonical":"https:\/\/avilaharvest.com\/es\/work-with-us\/","og_locale":"es_ES","og_type":"article","og_title":"Work with us - Avilla Harvest","og_description":"Work with us! Join our team and help shape the future of agriculture with innovation and dedication.","og_url":"https:\/\/avilaharvest.com\/es\/work-with-us\/","og_site_name":"Avilla Harvest","article_modified_time":"2024-09-06T12:04:12+00:00","twitter_card":"summary_large_image","schema":{"@context":"https:\/\/schema.org","@graph":[{"@type":"WebPage","@id":"https:\/\/avilaharvest.com\/work-with-us\/","url":"https:\/\/avilaharvest.com\/work-with-us\/","name":"Trabaja con nosotros - Avilla Harvest","isPartOf":{"@id":"https:\/\/avilaharvest.com\/#website"},"datePublished":"2024-07-31T22:31:50+00:00","dateModified":"2024-09-06T12:04:12+00:00","breadcrumb":{"@id":"https:\/\/avilaharvest.com\/work-with-us\/#breadcrumb"},"inLanguage":"es","potentialAction":[{"@type":"ReadAction","target":["https:\/\/avilaharvest.com\/work-with-us\/"]}]},{"@type":"BreadcrumbList","@id":"https:\/\/avilaharvest.com\/work-with-us\/#breadcrumb","itemListElement":[{"@type":"ListItem","position":1,"name":"Home","item":"https:\/\/avilaharvest.com\/"},{"@type":"ListItem","position":2,"name":"Work with us"}]},{"@type":"WebSite","@id":"https:\/\/avilaharvest.com\/#website","url":"https:\/\/avilaharvest.com\/","name":"Cosecha de Avilla","description":"Cosecha eficiente, resultados abundantes","publisher":{"@id":"https:\/\/avilaharvest.com\/#organization"},"potentialAction":[{"@type":"SearchAction","target":{"@type":"EntryPoint","urlTemplate":"https:\/\/avilaharvest.com\/?s={search_term_string}"},"query-input":{"@type":"PropertyValueSpecification","valueRequired":true,"valueName":"search_term_string"}}],"inLanguage":"es"},{"@type":"Organization","@id":"https:\/\/avilaharvest.com\/#organization","name":"Cosecha de Avilla","url":"https:\/\/avilaharvest.com\/","logo":{"@type":"ImageObject","inLanguage":"es","@id":"https:\/\/avilaharvest.com\/#\/schema\/logo\/image\/","url":"http:\/\/avilaharvest.com\/wp-content\/uploads\/2024\/08\/jane_3.png","contentUrl":"http:\/\/avilaharvest.com\/wp-content\/uploads\/2024\/08\/jane_3.png","width":3151,"height":3151,"caption":"Avilla Harvest"},"image":{"@id":"https:\/\/avilaharvest.com\/#\/schema\/logo\/image\/"}}]}},"_links":{"self":[{"href":"http:\/\/avilaharvest.com\/es\/wp-json\/wp\/v2\/pages\/495","targetHints":{"allow":["GET"]}}],"collection":[{"href":"http:\/\/avilaharvest.com\/es\/wp-json\/wp\/v2\/pages"}],"about":[{"href":"http:\/\/avilaharvest.com\/es\/wp-json\/wp\/v2\/types\/page"}],"author":[{"embeddable":true,"href":"http:\/\/avilaharvest.com\/es\/wp-json\/wp\/v2\/users\/1"}],"replies":[{"embeddable":true,"href":"http:\/\/avilaharvest.com\/es\/wp-json\/wp\/v2\/comments?post=495"}],"version-history":[{"count":22,"href":"http:\/\/avilaharvest.com\/es\/wp-json\/wp\/v2\/pages\/495\/revisions"}],"predecessor-version":[{"id":757,"href":"http:\/\/avilaharvest.com\/es\/wp-json\/wp\/v2\/pages\/495\/revisions\/757"}],"wp:attachment":[{"href":"http:\/\/avilaharvest.com\/es\/wp-json\/wp\/v2\/media?parent=495"}],"curies":[{"name":"gracias","href":"https:\/\/api.w.org\/{rel}","templated":true}]}}