{"id":3,"date":"2023-05-03T01:24:49","date_gmt":"2023-05-03T04:24:49","guid":{"rendered":"http:\/\/avilaharvest.com\/?page_id=3"},"modified":"2024-08-01T10:59:42","modified_gmt":"2024-08-01T13:59:42","slug":"cookie-policy","status":"publish","type":"page","link":"http:\/\/avilaharvest.com\/pt\/cookie-policy\/","title":{"rendered":"Pol\u00edtica de Cookies"},"content":{"rendered":"<div data-elementor-type=\"wp-page\" data-elementor-id=\"3\" class=\"elementor elementor-3\" data-elementor-post-type=\"page\">\n\t\t\t\t\t\t<section class=\"elementor-section elementor-top-section elementor-element elementor-element-637da83e elementor-section-boxed elementor-section-height-default elementor-section-height-default\" data-id=\"637da83e\" data-element_type=\"section\" data-e-type=\"section\">\n\t\t\t\t\t\t<div class=\"elementor-container elementor-column-gap-default\">\n\t\t\t\t\t<div class=\"elementor-column elementor-col-100 elementor-top-column elementor-element elementor-element-703884c1\" data-id=\"703884c1\" data-element_type=\"column\" data-e-type=\"column\">\n\t\t\t<div class=\"elementor-widget-wrap elementor-element-populated\">\n\t\t\t\t\t\t<div class=\"elementor-element elementor-element-1ce802dd elementor-widget elementor-widget-text-editor\" data-id=\"1ce802dd\" data-element_type=\"widget\" data-e-type=\"widget\" data-widget_type=\"text-editor.default\">\n\t\t\t\t<div class=\"elementor-widget-container\">\n\t\t\t\t\t\t\t\t\t<p><\/p>\n<p><strong>pol\u00edtica de Privacidade<\/strong><\/p>\n<p><strong>1. Introdu\u00e7\u00e3o<\/strong><\/p>\n<p>Bem-vindo \u00e0 Avilla Harvest. Respeitamos sua privacidade e estamos comprometidos em proteger seus dados pessoais. Esta pol\u00edtica de privacidade informar\u00e1 voc\u00ea sobre como cuidamos de seus dados pessoais quando voc\u00ea visita nosso site e informar\u00e1 sobre seus direitos de privacidade e como a lei o protege.<\/p>\n<p><strong>2. Informa\u00e7\u00f5es importantes e quem somos<\/strong><\/p>\n<p>A Avilla Harvest \u00e9 a controladora e respons\u00e1vel pelos seus dados pessoais.<\/p>\n<p><strong>Detalhes de contato:<\/strong><\/p>\n<ul>\n<li>Telefone: +1 (407) 409-3885<\/li>\n<li>Endere\u00e7o: 2445 Augustine Drive, Suites 150 e 201, Santa Clara, Calif\u00f3rnia, 95054, Estados Unidos da Am\u00e9rica<\/li>\n<\/ul>\n<p><strong>3. Os dados que coletamos sobre voc\u00ea<\/strong><\/p>\n<p>Podemos coletar, usar, armazenar e transferir diferentes tipos de dados pessoais sobre voc\u00ea, que agrupamos da seguinte forma:<\/p>\n<ul>\n<li><strong>Dados de identidade:<\/strong> inclui seu nome.<\/li>\n<li><strong>Dados de contato:<\/strong> inclui seu endere\u00e7o de e-mail e n\u00famero de telefone.<\/li>\n<li><strong>Dados da mensagem:<\/strong> inclui qualquer texto que voc\u00ea fornecer no formul\u00e1rio de contato.<\/li>\n<\/ul>\n<p><strong>4. Como seus dados pessoais s\u00e3o coletados?<\/strong><\/p>\n<p>Usamos diferentes m\u00e9todos para coletar dados de e sobre voc\u00ea, incluindo por meio de:<\/p>\n<ul>\n<li><strong>Intera\u00e7\u00f5es diretas:<\/strong> Voc\u00ea pode fornecer Dados de Identidade, Contato e Mensagem preenchendo formul\u00e1rios ou correspondendo-se conosco por correio, telefone, e-mail ou de outra forma.<\/li>\n<\/ul>\n<p><strong>5. Como usamos seus dados pessoais<\/strong><\/p>\n<p>Usaremos seus dados pessoais somente quando a lei nos permitir. Mais comumente, usaremos seus dados pessoais nas seguintes circunst\u00e2ncias:<\/p>\n<ul>\n<li>Para responder \u00e0s suas perguntas enviadas atrav\u00e9s do nosso formul\u00e1rio de contato.<\/li>\n<\/ul>\n<p><strong>6. Divulga\u00e7\u00e3o dos seus dados pessoais<\/strong><\/p>\n<p>N\u00e3o compartilharemos seus dados pessoais com terceiros para fins de marketing. Podemos ter que compartilhar seus dados pessoais com terceiros externos, como provedores de servi\u00e7os com sede nos Estados Unidos que fornecem servi\u00e7os de TI e administra\u00e7\u00e3o de sistemas.<\/p>\n<p><strong>7. Seguran\u00e7a de dados<\/strong><\/p>\n<p>Implementamos medidas de seguran\u00e7a apropriadas para evitar que seus dados pessoais sejam acidentalmente perdidos, usados ou acessados de forma n\u00e3o autorizada.<\/p>\n<p><strong>8. Reten\u00e7\u00e3o de dados<\/strong><\/p>\n<p>Reteremos seus dados pessoais somente pelo tempo necess\u00e1rio para cumprir os prop\u00f3sitos para os quais os coletamos.<\/p>\n<p><strong>9. Seus direitos legais<\/strong><\/p>\n<p>Sob certas circunst\u00e2ncias, voc\u00ea tem direitos sob as leis de prote\u00e7\u00e3o de dados em rela\u00e7\u00e3o aos seus dados pessoais, incluindo o direito de acessar, corrigir ou solicitar a exclus\u00e3o dos seus dados pessoais.<\/p>\n<p><strong>10. Contato<\/strong><\/p>\n<p>Caso tenha alguma d\u00favida sobre esta pol\u00edtica de privacidade ou nossas pr\u00e1ticas de privacidade, entre em contato conosco usando os detalhes definidos acima.<\/p>\n<hr \/>\n<p><strong>Pol\u00edtica de Cookies<\/strong><\/p>\n<p><strong>1. Introdu\u00e7\u00e3o<\/strong><\/p>\n<p>Nosso site usa cookies para distinguir voc\u00ea de outros usu\u00e1rios do nosso site. Isso nos ajuda a fornecer uma boa experi\u00eancia quando voc\u00ea navega em nosso site e tamb\u00e9m nos permite melhorar nosso site.<\/p>\n<p><strong>2. O que s\u00e3o cookies?<\/strong><\/p>\n<p>Um cookie \u00e9 um pequeno arquivo de letras e n\u00fameros que armazenamos no seu navegador ou no disco r\u00edgido do seu computador, se voc\u00ea concordar.<\/p>\n<p><strong>3. Como usamos cookies<\/strong><\/p>\n<p>Utilizamos os seguintes cookies:<\/p>\n<ul>\n<li><strong>Cookies estritamente necess\u00e1rios:<\/strong> Estes s\u00e3o cookies necess\u00e1rios para o funcionamento do nosso site.<\/li>\n<li><strong>Cookies anal\u00edticos\/de desempenho:<\/strong> Eles nos permitem reconhecer e contar o n\u00famero de visitantes e ver como os visitantes se movimentam em nosso site quando o utilizam.<\/li>\n<\/ul>\n<p><strong>4. Gerenciando Cookies<\/strong><\/p>\n<p>Voc\u00ea pode bloquear cookies ativando a configura\u00e7\u00e3o no seu navegador que permite que voc\u00ea recuse a configura\u00e7\u00e3o de todos ou alguns cookies. No entanto, se voc\u00ea usar as configura\u00e7\u00f5es do seu navegador para bloquear todos os cookies (incluindo cookies essenciais), voc\u00ea pode n\u00e3o conseguir acessar todo ou partes do nosso site.<\/p>\n<p><strong>5. Altera\u00e7\u00f5es a esta Pol\u00edtica de Cookies<\/strong><\/p>\n<p>Podemos atualizar esta pol\u00edtica de tempos em tempos. Quaisquer altera\u00e7\u00f5es que possamos fazer em nossa pol\u00edtica de cookies no futuro ser\u00e3o publicadas nesta p\u00e1gina.<\/p>\n<p><strong>6. Contato<\/strong><\/p>\n<p>D\u00favidas, coment\u00e1rios e solicita\u00e7\u00f5es relacionadas a esta pol\u00edtica de cookies s\u00e3o bem-vindos e devem ser endere\u00e7ados a:<\/p>\n<ul>\n<li>Telefone: +1 (407) 409-3885<\/li>\n<li>Endere\u00e7o: 2445 Augustine Drive, Suites 150 e 201, Santa Clara, Calif\u00f3rnia, 95054, Estados Unidos da Am\u00e9rica<\/li>\n<\/ul>\n<p><\/p>\t\t\t\t\t\t\t\t<\/div>\n\t\t\t\t<\/div>\n\t\t\t\t\t<\/div>\n\t\t<\/div>\n\t\t\t\t\t<\/div>\n\t\t<\/section>\n\t\t\t\t<\/div>","protected":false},"excerpt":{"rendered":"<p>Privacy Policy 1. Introduction Welcome to Avilla Harvest. We respect your privacy and are committed to protecting your personal data. This privacy policy will inform you about how we look after your personal data when you visit our website and tell you about your privacy rights and how the law protects you. 2. Important Information [&hellip;]<\/p>\n","protected":false},"author":1,"featured_media":0,"parent":0,"menu_order":0,"comment_status":"closed","ping_status":"closed","template":"elementor_header_footer","meta":{"_acf_changed":false,"_joinchat":[],"footnotes":""},"class_list":["post-3","page","type-page","status-publish","hentry"],"acf":[],"yoast_head":"<!-- This site is optimized with the Yoast SEO plugin v27.5 - https:\/\/yoast.com\/product\/yoast-seo-wordpress\/ -->\n<title>Cookie Policy - Avilla Harvest<\/title>\n<meta name=\"robots\" content=\"index, follow, max-snippet:-1, max-image-preview:large, max-video-preview:-1\" \/>\n<link rel=\"canonical\" href=\"http:\/\/avilaharvest.com\/pt\/cookie-policy\/\" \/>\n<meta property=\"og:locale\" content=\"pt_BR\" \/>\n<meta property=\"og:type\" content=\"article\" \/>\n<meta property=\"og:title\" content=\"Cookie Policy - Avilla Harvest\" \/>\n<meta property=\"og:description\" content=\"Privacy Policy 1. Introduction Welcome to Avilla Harvest. We respect your privacy and are committed to protecting your personal data. This privacy policy will inform you about how we look after your personal data when you visit our website and tell you about your privacy rights and how the law protects you. 2. Important Information [&hellip;]\" \/>\n<meta property=\"og:url\" content=\"http:\/\/avilaharvest.com\/pt\/cookie-policy\/\" \/>\n<meta property=\"og:site_name\" content=\"Avilla Harvest\" \/>\n<meta property=\"article:modified_time\" content=\"2024-08-01T13:59:42+00:00\" \/>\n<meta name=\"twitter:card\" content=\"summary_large_image\" \/>\n<meta name=\"twitter:label1\" content=\"Est. tempo de leitura\" \/>\n\t<meta name=\"twitter:data1\" content=\"3 minutos\" \/>\n<script type=\"application\/ld+json\" class=\"yoast-schema-graph\">{\"@context\":\"https:\\\/\\\/schema.org\",\"@graph\":[{\"@type\":\"WebPage\",\"@id\":\"http:\\\/\\\/avilaharvest.com\\\/pt\\\/cookie-policy\\\/\",\"url\":\"http:\\\/\\\/avilaharvest.com\\\/pt\\\/cookie-policy\\\/\",\"name\":\"Cookie Policy - Avilla Harvest\",\"isPartOf\":{\"@id\":\"http:\\\/\\\/avilaharvest.com\\\/#website\"},\"datePublished\":\"2023-05-03T04:24:49+00:00\",\"dateModified\":\"2024-08-01T13:59:42+00:00\",\"breadcrumb\":{\"@id\":\"http:\\\/\\\/avilaharvest.com\\\/pt\\\/cookie-policy\\\/#breadcrumb\"},\"inLanguage\":\"pt-BR\",\"potentialAction\":[{\"@type\":\"ReadAction\",\"target\":[\"http:\\\/\\\/avilaharvest.com\\\/pt\\\/cookie-policy\\\/\"]}]},{\"@type\":\"BreadcrumbList\",\"@id\":\"http:\\\/\\\/avilaharvest.com\\\/pt\\\/cookie-policy\\\/#breadcrumb\",\"itemListElement\":[{\"@type\":\"ListItem\",\"position\":1,\"name\":\"Home\",\"item\":\"http:\\\/\\\/avilaharvest.com\\\/\"},{\"@type\":\"ListItem\",\"position\":2,\"name\":\"Cookie Policy\"}]},{\"@type\":\"WebSite\",\"@id\":\"http:\\\/\\\/avilaharvest.com\\\/#website\",\"url\":\"http:\\\/\\\/avilaharvest.com\\\/\",\"name\":\"Avilla Harvest\",\"description\":\"Efficient Harvest, Abundant Results\",\"publisher\":{\"@id\":\"http:\\\/\\\/avilaharvest.com\\\/#organization\"},\"potentialAction\":[{\"@type\":\"SearchAction\",\"target\":{\"@type\":\"EntryPoint\",\"urlTemplate\":\"http:\\\/\\\/avilaharvest.com\\\/?s={search_term_string}\"},\"query-input\":{\"@type\":\"PropertyValueSpecification\",\"valueRequired\":true,\"valueName\":\"search_term_string\"}}],\"inLanguage\":\"pt-BR\"},{\"@type\":\"Organization\",\"@id\":\"http:\\\/\\\/avilaharvest.com\\\/#organization\",\"name\":\"Avilla Harvest\",\"url\":\"http:\\\/\\\/avilaharvest.com\\\/\",\"logo\":{\"@type\":\"ImageObject\",\"inLanguage\":\"pt-BR\",\"@id\":\"http:\\\/\\\/avilaharvest.com\\\/#\\\/schema\\\/logo\\\/image\\\/\",\"url\":\"http:\\\/\\\/avilaharvest.com\\\/wp-content\\\/uploads\\\/2024\\\/08\\\/jane_3.png\",\"contentUrl\":\"http:\\\/\\\/avilaharvest.com\\\/wp-content\\\/uploads\\\/2024\\\/08\\\/jane_3.png\",\"width\":3151,\"height\":3151,\"caption\":\"Avilla Harvest\"},\"image\":{\"@id\":\"http:\\\/\\\/avilaharvest.com\\\/#\\\/schema\\\/logo\\\/image\\\/\"}}]}<\/script>\n<!-- \/ Yoast SEO plugin. -->","yoast_head_json":{"title":"Cookie Policy - Avilla Harvest","robots":{"index":"index","follow":"follow","max-snippet":"max-snippet:-1","max-image-preview":"max-image-preview:large","max-video-preview":"max-video-preview:-1"},"canonical":"http:\/\/avilaharvest.com\/pt\/cookie-policy\/","og_locale":"pt_BR","og_type":"article","og_title":"Cookie Policy - Avilla Harvest","og_description":"Privacy Policy 1. Introduction Welcome to Avilla Harvest. We respect your privacy and are committed to protecting your personal data. This privacy policy will inform you about how we look after your personal data when you visit our website and tell you about your privacy rights and how the law protects you. 2. Important Information [&hellip;]","og_url":"http:\/\/avilaharvest.com\/pt\/cookie-policy\/","og_site_name":"Avilla Harvest","article_modified_time":"2024-08-01T13:59:42+00:00","twitter_card":"summary_large_image","twitter_misc":{"Est. tempo de leitura":"3 minutos"},"schema":{"@context":"https:\/\/schema.org","@graph":[{"@type":"WebPage","@id":"http:\/\/avilaharvest.com\/pt\/cookie-policy\/","url":"http:\/\/avilaharvest.com\/pt\/cookie-policy\/","name":"Cookie Policy - Avilla Harvest","isPartOf":{"@id":"http:\/\/avilaharvest.com\/#website"},"datePublished":"2023-05-03T04:24:49+00:00","dateModified":"2024-08-01T13:59:42+00:00","breadcrumb":{"@id":"http:\/\/avilaharvest.com\/pt\/cookie-policy\/#breadcrumb"},"inLanguage":"pt-BR","potentialAction":[{"@type":"ReadAction","target":["http:\/\/avilaharvest.com\/pt\/cookie-policy\/"]}]},{"@type":"BreadcrumbList","@id":"http:\/\/avilaharvest.com\/pt\/cookie-policy\/#breadcrumb","itemListElement":[{"@type":"ListItem","position":1,"name":"Home","item":"http:\/\/avilaharvest.com\/"},{"@type":"ListItem","position":2,"name":"Cookie Policy"}]},{"@type":"WebSite","@id":"http:\/\/avilaharvest.com\/#website","url":"http:\/\/avilaharvest.com\/","name":"Colheita de \u00c1vila","description":"Colheita Eficiente, Resultados Abundantes","publisher":{"@id":"http:\/\/avilaharvest.com\/#organization"},"potentialAction":[{"@type":"SearchAction","target":{"@type":"EntryPoint","urlTemplate":"http:\/\/avilaharvest.com\/?s={search_term_string}"},"query-input":{"@type":"PropertyValueSpecification","valueRequired":true,"valueName":"search_term_string"}}],"inLanguage":"pt-BR"},{"@type":"Organization","@id":"http:\/\/avilaharvest.com\/#organization","name":"Colheita de \u00c1vila","url":"http:\/\/avilaharvest.com\/","logo":{"@type":"ImageObject","inLanguage":"pt-BR","@id":"http:\/\/avilaharvest.com\/#\/schema\/logo\/image\/","url":"http:\/\/avilaharvest.com\/wp-content\/uploads\/2024\/08\/jane_3.png","contentUrl":"http:\/\/avilaharvest.com\/wp-content\/uploads\/2024\/08\/jane_3.png","width":3151,"height":3151,"caption":"Avilla Harvest"},"image":{"@id":"http:\/\/avilaharvest.com\/#\/schema\/logo\/image\/"}}]}},"_links":{"self":[{"href":"http:\/\/avilaharvest.com\/pt\/wp-json\/wp\/v2\/pages\/3","targetHints":{"allow":["GET"]}}],"collection":[{"href":"http:\/\/avilaharvest.com\/pt\/wp-json\/wp\/v2\/pages"}],"about":[{"href":"http:\/\/avilaharvest.com\/pt\/wp-json\/wp\/v2\/types\/page"}],"author":[{"embeddable":true,"href":"http:\/\/avilaharvest.com\/pt\/wp-json\/wp\/v2\/users\/1"}],"replies":[{"embeddable":true,"href":"http:\/\/avilaharvest.com\/pt\/wp-json\/wp\/v2\/comments?post=3"}],"version-history":[{"count":14,"href":"http:\/\/avilaharvest.com\/pt\/wp-json\/wp\/v2\/pages\/3\/revisions"}],"predecessor-version":[{"id":593,"href":"http:\/\/avilaharvest.com\/pt\/wp-json\/wp\/v2\/pages\/3\/revisions\/593"}],"wp:attachment":[{"href":"http:\/\/avilaharvest.com\/pt\/wp-json\/wp\/v2\/media?parent=3"}],"curies":[{"name":"wp","href":"https:\/\/api.w.org\/{rel}","templated":true}]}}